{"id":777,"date":"2021-03-03T12:11:24","date_gmt":"2021-03-03T12:11:24","guid":{"rendered":"https:\/\/demo.hashthemes.com\/total\/agency\/?page_id=777"},"modified":"2023-01-04T22:11:36","modified_gmt":"2023-01-04T22:11:36","slug":"services","status":"publish","type":"page","link":"https:\/\/itsungroup.com\/?page_id=777","title":{"rendered":"Services"},"content":{"rendered":"<h2>Como podemos Ayudarlo?<\/h2>\n<p>Lo acompa\u00f1amos en sus proyectos poniendo a su disposici\u00f3n Equipos de trabajo Transitorios o fijos, para ayudarle\u00a0 a cumplir los objetivos que se planteen, conocemos la din\u00e1mica de las necesidades del sector, por esos somos flexibles en la conformaci\u00f3n, dedicaci\u00f3n y asignaci\u00f3n de profesionales, nos adecuamos a su necesidad. Todo con un enfoque orientado a Objetivo claro<\/p>\n<h5>Networks &amp; Communication<\/h5>\n<p>Contamos con Personal id\u00f3neo en \u00e1reas de Networking que abarcan entre otras, tecnolog\u00edas TCP\/IP, WAN, SDN, Data center, WLAN, LAN.<br \/>\n<a href=\"#\"><br \/>\nRead More <\/a><\/p>\n<h5>Project Management<\/h5>\n<p>Necesita quien lidere sus proyectos, preg\u00fantenos como hacerlo.<br \/>\n<a href=\"#\"><br \/>\nRead More <\/a><\/p>\n<h5>Cybersecurity.<\/h5>\n<p>La seguridad es responsabilidad de todos!! nosotros sabemos como ayudarlo a cumplir sus objetivos a nivel de seguridad. Preg\u00fantenos como.<\/p>\n<p><a href=\"#\"><br \/>\nRead More <\/a><\/p>\n<h5>Cloud<\/h5>\n<p>Piensa Migrar a la nube? Tiene dudas sobre que Ambiente Cloud es el adecuado? Cree que es muy costoso? No quiere perder el control de la informaci\u00f3n?<\/p>\n<p>Si se plantea alguna de estas interrogantes, nosotros le ayudamos.<\/p>\n<h5>Algunos de nuestros Clientes<\/h5>\n<p><img decoding=\"async\" src=\"http:\/\/itsungroup.com\/wp-content\/uploads\/2020\/02\/art-photography-logo-1.png\" alt=\"art-photography-logo\" \/><img decoding=\"async\" src=\"http:\/\/itsungroup.com\/wp-content\/uploads\/2020\/02\/travel-hotel-1.png\" alt=\"travel-hotel\" \/><img decoding=\"async\" src=\"http:\/\/itsungroup.com\/wp-content\/uploads\/2020\/02\/technology-science-logo-1.png\" alt=\"technology-science-logo\" \/><img decoding=\"async\" src=\"http:\/\/itsungroup.com\/wp-content\/uploads\/2020\/02\/finance-insurance-accounting-logo-1.png\" alt=\"finance-insurance-accounting-logo\" \/><img decoding=\"async\" src=\"http:\/\/itsungroup.com\/wp-content\/uploads\/2020\/02\/love-dating-logo-1.png\" alt=\"love-dating-logo\" \/><img decoding=\"async\" src=\"http:\/\/itsungroup.com\/wp-content\/uploads\/2020\/02\/beauty-fashion-logo-1.png\" alt=\"beauty-fashion-logo\" \/><img decoding=\"async\" src=\"http:\/\/itsungroup.com\/wp-content\/uploads\/2020\/02\/real-estate-logo-1.png\" alt=\"real-estate-logo\" \/><img decoding=\"async\" src=\"http:\/\/itsungroup.com\/wp-content\/uploads\/2020\/02\/business-consulting-logo-1.png\" alt=\"business-consulting-logo\" \/><\/p>\n","protected":false},"excerpt":{"rendered":"<p>Como podemos Ayudarlo? Lo acompa\u00f1amos en sus proyectos poniendo a su disposici\u00f3n Equipos de trabajo Transitorios o fijos, para ayudarle\u00a0 a cumplir los objetivos que se planteen, conocemos la din\u00e1mica de las necesidades del sector, por esos somos flexibles en la conformaci\u00f3n, dedicaci\u00f3n y asignaci\u00f3n de profesionales, nos adecuamos a su necesidad. Todo con un [&hellip;]<\/p>\n","protected":false},"author":1,"featured_media":0,"parent":0,"menu_order":0,"comment_status":"closed","ping_status":"closed","template":"","meta":{"footnotes":""},"_links":{"self":[{"href":"https:\/\/itsungroup.com\/index.php?rest_route=\/wp\/v2\/pages\/777"}],"collection":[{"href":"https:\/\/itsungroup.com\/index.php?rest_route=\/wp\/v2\/pages"}],"about":[{"href":"https:\/\/itsungroup.com\/index.php?rest_route=\/wp\/v2\/types\/page"}],"author":[{"embeddable":true,"href":"https:\/\/itsungroup.com\/index.php?rest_route=\/wp\/v2\/users\/1"}],"replies":[{"embeddable":true,"href":"https:\/\/itsungroup.com\/index.php?rest_route=%2Fwp%2Fv2%2Fcomments&post=777"}],"version-history":[{"count":3,"href":"https:\/\/itsungroup.com\/index.php?rest_route=\/wp\/v2\/pages\/777\/revisions"}],"predecessor-version":[{"id":991,"href":"https:\/\/itsungroup.com\/index.php?rest_route=\/wp\/v2\/pages\/777\/revisions\/991"}],"wp:attachment":[{"href":"https:\/\/itsungroup.com\/index.php?rest_route=%2Fwp%2Fv2%2Fmedia&parent=777"}],"curies":[{"name":"wp","href":"https:\/\/api.w.org\/{rel}","templated":true}]}}